{"id":4541,"date":"2025-01-13T12:00:50","date_gmt":"2025-01-13T11:00:50","guid":{"rendered":"https:\/\/fameco.dragster.digital\/cookiepolicy\/"},"modified":"2025-02-03T10:22:12","modified_gmt":"2025-02-03T09:22:12","slug":"cookiepolicy","status":"publish","type":"page","link":"https:\/\/fameco.se\/sv\/cookiepolicy\/","title":{"rendered":"Cookie policy"},"content":{"rendered":"\t\t<div data-elementor-type=\"wp-page\" data-elementor-id=\"4541\" class=\"elementor elementor-4541 elementor-4413\" data-elementor-post-type=\"page\">\n\t\t\t\t<div class=\"elementor-element elementor-element-18812818 e-flex e-con-boxed e-con e-parent\" data-id=\"18812818\" data-element_type=\"container\" data-e-type=\"container\">\n\t\t\t\t\t<div class=\"e-con-inner\">\n\t\t\t\t<div class=\"elementor-element elementor-element-9b4f9c9 split-words-2 elementor-widget elementor-widget-heading\" data-id=\"9b4f9c9\" data-element_type=\"widget\" data-e-type=\"widget\" data-widget_type=\"heading.default\">\n\t\t\t\t\t<h2 class=\"elementor-heading-title elementor-size-default\">Cookiepolicy<\/h2>\t\t\t\t<\/div>\n\t\t\t\t<div class=\"elementor-element elementor-element-e665159 elementor-widget elementor-widget-text-editor\" data-id=\"e665159\" data-element_type=\"widget\" data-e-type=\"widget\" data-widget_type=\"text-editor.default\">\n\t\t\t\t\t\t\t\t\t<p class=\"p1\"><b>Cookiepolicy f\u00f6r Fameco AB<\/b><b><\/b><\/p><p class=\"p1\"><b>Senast uppdaterad:<\/b><span class=\"s1\"> 3 februari 2025<\/span><\/p><h3 class=\"p1\"><b>1. Introduktion<\/b><b><\/b><\/h3><p class=\"p3\">P\u00e5 Fameco AB (\u201cvi\u201d, \u201coss\u201d, \u201cv\u00e5r\u201d) anv\u00e4nder vi cookies och liknande teknologier f\u00f6r att f\u00f6rb\u00e4ttra din upplevelse p\u00e5 v\u00e5r webbplats https:\/\/fameco.se\/ (\u201cWebbplatsen\u201d). Denna policy f\u00f6rklarar vad cookies \u00e4r, vilka typer av cookies vi anv\u00e4nder, varf\u00f6r vi anv\u00e4nder dem och hur du kan hantera dina cookie-inst\u00e4llningar.<\/p><h3 class=\"p1\"><b>2. Vad \u00e4r cookies?<\/b><b><\/b><\/h3><p class=\"p3\">Cookies \u00e4r sm\u00e5 textfiler som placeras p\u00e5 din enhet (dator, smartphone, surfplatta) n\u00e4r du bes\u00f6ker en webbplats. De anv\u00e4nds f\u00f6r att komma ih\u00e5g dina inst\u00e4llningar, f\u00f6rst\u00e5 hur du interagerar med webbplatsen och f\u00f6rb\u00e4ttra din anv\u00e4ndarupplevelse. Cookies kan vara \u201cf\u00f6rstapartscookies\u201d (inst\u00e4llda av oss) eller \u201ctredjepartscookies\u201d (inst\u00e4llda av andra dom\u00e4ner).<\/p><h3 class=\"p1\"><b>3. Vilka typer av cookies anv\u00e4nder vi?<\/b><b><\/b><\/h3><p class=\"p3\">Vi anv\u00e4nder f\u00f6ljande kategorier av cookies p\u00e5 v\u00e5r Webbplats:<\/p><p class=\"p4\">\u2022<span class=\"s2\"><b>N\u00f6dv\u00e4ndiga cookies:<\/b><\/span> Dessa cookies \u00e4r avg\u00f6rande f\u00f6r att Webbplatsen ska fungera korrekt. De m\u00f6jligg\u00f6r grundl\u00e4ggande funktioner som sidnavigering och \u00e5tkomst till s\u00e4kra omr\u00e5den p\u00e5 Webbplatsen. Webbplatsen kan inte fungera korrekt utan dessa cookies.<\/p><p class=\"p4\">\u2022<span class=\"s2\"><b>Funktionella cookies:<\/b><\/span> Dessa cookies g\u00f6r det m\u00f6jligt f\u00f6r Webbplatsen att komma ih\u00e5g val du g\u00f6r (s\u00e5som ditt spr\u00e5k eller den region du befinner dig i) och erbjuder f\u00f6rb\u00e4ttrade, mer personliga funktioner.<\/p><p class=\"p4\">\u2022<span class=\"s2\"><b>Analytiska cookies:<\/b><\/span> Dessa cookies hj\u00e4lper oss att f\u00f6rst\u00e5 hur bes\u00f6kare interagerar med Webbplatsen genom att samla in och rapportera information anonymt. Vi anv\u00e4nder till exempel Google Analytics f\u00f6r att analysera bes\u00f6kartrafik och anv\u00e4ndarbeteende.<\/p><p class=\"p4\">\u2022<span class=\"s2\"><b>Marknadsf\u00f6ringscookies:<\/b><\/span> Dessa cookies anv\u00e4nds f\u00f6r att sp\u00e5ra bes\u00f6kare \u00f6ver webbplatser. Avsikten \u00e4r att visa annonser som \u00e4r relevanta och engagerande f\u00f6r den enskilde anv\u00e4ndaren och d\u00e4rmed mer v\u00e4rdefulla f\u00f6r utgivare och tredjepartsannons\u00f6rer.<\/p><h3 class=\"p1\"><b>4. Lista \u00f6ver anv\u00e4nda cookies<\/b><\/h3><p class=\"p1\"><b>Namn p\u00e5 cookie<\/b> <b>Leverant\u00f6r<\/b> <b>Syfte<\/b> <b>Utg\u00e5ngstid<\/b> <b>Typ<\/b><b><\/b><\/p>\t\t\t\t\t\t\t\t<\/div>\n\t\t\t\t<div class=\"elementor-element elementor-element-211f941 elementor-widget elementor-widget-html\" data-id=\"211f941\" data-element_type=\"widget\" data-e-type=\"widget\" data-widget_type=\"html.default\">\n\t\t\t\t\t<table class=\"responsive-table\">\n  <thead>\n    <tr>\n      <th>Namn p\u00e5 cookie<\/th>\n      <th>Leverant\u00f6r<\/th>\n      <th>Syfte<\/th>\n      <th>Utg\u00e5ngstid<\/th>\n      <th>Typ<\/th>\n    <\/tr>\n  <\/thead>\n  <tbody>\n    <tr>\n      <td>_ga<\/td>\n      <td>Google Analytics<\/td>\n      <td>Anv\u00e4nds f\u00f6r att s\u00e4rskilja anv\u00e4ndare.<\/td>\n      <td>2 \u00e5r<\/td>\n      <td>Analytisk<\/td>\n    <\/tr>\n    <tr>\n      <td>_gid<\/td>\n      <td>Google Analytics<\/td>\n      <td>Anv\u00e4nds f\u00f6r att s\u00e4rskilja anv\u00e4ndare.<\/td>\n      <td>24 timmar<\/td>\n      <td>Analytisk<\/td>\n    <\/tr>\n    <tr>\n      <td>_gat<\/td>\n      <td>Google Analytics<\/td>\n      <td>Anv\u00e4nds f\u00f6r att begr\u00e4nsa antalet f\u00f6rfr\u00e5gningar.<\/td>\n      <td>1 minut<\/td>\n      <td>Analytisk<\/td>\n    <\/tr>\n    <tr>\n      <td>cookieyesID<\/td>\n      <td>CookieYes<\/td>\n      <td>Anv\u00e4nds f\u00f6r att lagra anv\u00e4ndarens samtyckesinst\u00e4llningar f\u00f6r cookies.<\/td>\n      <td>1 \u00e5r<\/td>\n      <td>N\u00f6dv\u00e4ndig<\/td>\n    <\/tr>\n    <tr>\n      <td>cookieyesConsent<\/td>\n      <td>CookieYes<\/td>\n      <td>Lagrar anv\u00e4ndarens samtyckesstatus f\u00f6r cookies.<\/td>\n      <td>1 \u00e5r<\/td>\n      <td>N\u00f6dv\u00e4ndig<\/td>\n    <\/tr>\n  <\/tbody>\n<\/table>\t\t\t\t<\/div>\n\t\t\t\t<div class=\"elementor-element elementor-element-4e86fd6 elementor-widget elementor-widget-text-editor\" data-id=\"4e86fd6\" data-element_type=\"widget\" data-e-type=\"widget\" data-widget_type=\"text-editor.default\">\n\t\t\t\t\t\t\t\t\t<h3 class=\"p1\"><b>5. Hantera dina cookie-inst\u00e4llningar<\/b><b><\/b><\/h3><p class=\"p3\">Du kan n\u00e4r som helst \u00e4ndra eller dra tillbaka ditt samtycke till cookies p\u00e5 v\u00e5r Webbplats genom att klicka p\u00e5 \u201cHantera samtycke\u201d l\u00e4ngst ner p\u00e5 sidan. Dessutom kan du konfigurera din webbl\u00e4sare att acceptera, avvisa eller ta bort cookies. Observera att om du blockerar vissa typer av cookies kan det p\u00e5verka din upplevelse p\u00e5 Webbplatsen och de tj\u00e4nster vi kan erbjuda.<\/p><h3 class=\"p1\"><b>6. Tredjepartscookies<\/b><b><\/b><\/h3><p class=\"p3\">Vi kan anv\u00e4nda tredjepartstj\u00e4nster, s\u00e5som Google Analytics, f\u00f6r att samla in information om din anv\u00e4ndning av Webbplatsen. Dessa tredjepartsleverant\u00f6rer kan placera cookies p\u00e5 din enhet f\u00f6r att samla in data om din online-aktivitet p\u00e5 Webbplatsen och \u00f6ver tid. F\u00f6r mer information om hur Google Analytics samlar in och behandlar data, bes\u00f6k <a href=\"https:\/\/analytics.google.com\/\" target=\"_blank\" rel=\"noopener noreferrer nofollow\">Google Analytics webbplats<\/a>.<\/p><h3 class=\"p1\"><b>7. \u00c4ndringar i denna policy<\/b><b><\/b><\/h3><p class=\"p3\">Vi kan uppdatera denna cookiepolicy fr\u00e5n tid till annan f\u00f6r att \u00e5terspegla f\u00f6r\u00e4ndringar i v\u00e5ra metoder eller f\u00f6r andra operativa, juridiska eller regulatoriska sk\u00e4l. Vi rekommenderar att du regelbundet granskar denna sida f\u00f6r den senaste informationen om v\u00e5r anv\u00e4ndning av cookies.<\/p><h3 class=\"p1\"><b>8. Kontakta oss<\/b><b><\/b><\/h3><p class=\"p3\">Om du har fr\u00e5gor om v\u00e5r anv\u00e4ndning av cookies eller denna policy, v\u00e4nligen kontakta oss p\u00e5:<\/p><p class=\"p3\">Fameco AB<\/p><p class=\"p3\">Fl\u00f6jelbergsgatan 1C, 431 37 M\u00f6lndal<\/p><p class=\"p3\">Telefon: +46 (0) 370-258 00<\/p><p class=\"p3\">E-post: info@fameco.se<\/p>\t\t\t\t\t\t\t\t<\/div>\n\t\t\t\t\t<\/div>\n\t\t\t\t<\/div>\n\t\t\t\t<\/div>\n\t\t","protected":false},"excerpt":{"rendered":"<p>Cookiepolicy Cookiepolicy f\u00f6r Fameco AB Senast uppdaterad: 3 februari 2025 1. Introduktion P\u00e5 Fameco AB (\u201cvi\u201d, \u201coss\u201d, \u201cv\u00e5r\u201d) anv\u00e4nder vi cookies och liknande teknologier f\u00f6r att f\u00f6rb\u00e4ttra din upplevelse p\u00e5 v\u00e5r webbplats https:\/\/fameco.se\/ (\u201cWebbplatsen\u201d). Denna policy f\u00f6rklarar vad cookies \u00e4r, vilka typer av cookies vi anv\u00e4nder, varf\u00f6r vi anv\u00e4nder dem och hur du kan hantera [&hellip;]<\/p>\n","protected":false},"author":1,"featured_media":0,"parent":0,"menu_order":0,"comment_status":"closed","ping_status":"closed","template":"","meta":{"_acf_changed":false,"footnotes":""},"class_list":["post-4541","page","type-page","status-publish","hentry"],"acf":[],"yoast_head":"<!-- This site is optimized with the Yoast SEO plugin v27.4 - https:\/\/yoast.com\/product\/yoast-seo-wordpress\/ -->\n<title>Cookie policy - FAMECO<\/title>\n<meta name=\"description\" content=\"Vi anv\u00e4nder cookies f\u00f6r att f\u00f6rb\u00e4ttra din upplevelse p\u00e5 v\u00e5r webbplats. L\u00e4s v\u00e5r cookiepolicy f\u00f6r detaljer om vilka cookies vi anv\u00e4nder.\" \/>\n<meta name=\"robots\" content=\"index, follow, max-snippet:-1, max-image-preview:large, max-video-preview:-1\" \/>\n<link rel=\"canonical\" href=\"https:\/\/fameco.se\/sv\/cookiepolicy\/\" \/>\n<meta property=\"og:locale\" content=\"sv_SE\" \/>\n<meta property=\"og:type\" content=\"article\" \/>\n<meta property=\"og:title\" content=\"Cookie policy - FAMECO\" \/>\n<meta property=\"og:description\" content=\"Vi anv\u00e4nder cookies f\u00f6r att f\u00f6rb\u00e4ttra din upplevelse p\u00e5 v\u00e5r webbplats. L\u00e4s v\u00e5r cookiepolicy f\u00f6r detaljer om vilka cookies vi anv\u00e4nder.\" \/>\n<meta property=\"og:url\" content=\"https:\/\/fameco.se\/sv\/cookiepolicy\/\" \/>\n<meta property=\"og:site_name\" content=\"FAMECO\" \/>\n<meta property=\"article:modified_time\" content=\"2025-02-03T09:22:12+00:00\" \/>\n<meta name=\"twitter:card\" content=\"summary_large_image\" \/>\n<script type=\"application\/ld+json\" class=\"yoast-schema-graph\">{\"@context\":\"https:\\\/\\\/schema.org\",\"@graph\":[{\"@type\":\"WebPage\",\"@id\":\"https:\\\/\\\/fameco.se\\\/sv\\\/cookiepolicy\\\/\",\"url\":\"https:\\\/\\\/fameco.se\\\/sv\\\/cookiepolicy\\\/\",\"name\":\"Cookie policy - FAMECO\",\"isPartOf\":{\"@id\":\"https:\\\/\\\/fameco.se\\\/sv\\\/#website\"},\"datePublished\":\"2025-01-13T11:00:50+00:00\",\"dateModified\":\"2025-02-03T09:22:12+00:00\",\"description\":\"Vi anv\u00e4nder cookies f\u00f6r att f\u00f6rb\u00e4ttra din upplevelse p\u00e5 v\u00e5r webbplats. L\u00e4s v\u00e5r cookiepolicy f\u00f6r detaljer om vilka cookies vi anv\u00e4nder.\",\"breadcrumb\":{\"@id\":\"https:\\\/\\\/fameco.se\\\/sv\\\/cookiepolicy\\\/#breadcrumb\"},\"inLanguage\":\"sv-SE\",\"potentialAction\":[{\"@type\":\"ReadAction\",\"target\":[\"https:\\\/\\\/fameco.se\\\/sv\\\/cookiepolicy\\\/\"]}]},{\"@type\":\"BreadcrumbList\",\"@id\":\"https:\\\/\\\/fameco.se\\\/sv\\\/cookiepolicy\\\/#breadcrumb\",\"itemListElement\":[{\"@type\":\"ListItem\",\"position\":1,\"name\":\"Hem\",\"item\":\"https:\\\/\\\/fameco.se\\\/sv\\\/\"},{\"@type\":\"ListItem\",\"position\":2,\"name\":\"Cookie policy\"}]},{\"@type\":\"WebSite\",\"@id\":\"https:\\\/\\\/fameco.se\\\/sv\\\/#website\",\"url\":\"https:\\\/\\\/fameco.se\\\/sv\\\/\",\"name\":\"FAMECO\",\"description\":\"A Keller &amp; Kalmbach Company\",\"publisher\":{\"@id\":\"https:\\\/\\\/fameco.se\\\/sv\\\/#organization\"},\"potentialAction\":[{\"@type\":\"SearchAction\",\"target\":{\"@type\":\"EntryPoint\",\"urlTemplate\":\"https:\\\/\\\/fameco.se\\\/sv\\\/?s={search_term_string}\"},\"query-input\":{\"@type\":\"PropertyValueSpecification\",\"valueRequired\":true,\"valueName\":\"search_term_string\"}}],\"inLanguage\":\"sv-SE\"},{\"@type\":\"Organization\",\"@id\":\"https:\\\/\\\/fameco.se\\\/sv\\\/#organization\",\"name\":\"FAMECO\",\"url\":\"https:\\\/\\\/fameco.se\\\/sv\\\/\",\"logo\":{\"@type\":\"ImageObject\",\"inLanguage\":\"sv-SE\",\"@id\":\"https:\\\/\\\/fameco.se\\\/sv\\\/#\\\/schema\\\/logo\\\/image\\\/\",\"url\":\"https:\\\/\\\/fameco.se\\\/wp-content\\\/uploads\\\/2024\\\/11\\\/Fameco_Logo_CMYK-11.webp\",\"contentUrl\":\"https:\\\/\\\/fameco.se\\\/wp-content\\\/uploads\\\/2024\\\/11\\\/Fameco_Logo_CMYK-11.webp\",\"width\":600,\"height\":160,\"caption\":\"FAMECO\"},\"image\":{\"@id\":\"https:\\\/\\\/fameco.se\\\/sv\\\/#\\\/schema\\\/logo\\\/image\\\/\"}}]}<\/script>\n<!-- \/ Yoast SEO plugin. -->","yoast_head_json":{"title":"Cookie policy - FAMECO","description":"Vi anv\u00e4nder cookies f\u00f6r att f\u00f6rb\u00e4ttra din upplevelse p\u00e5 v\u00e5r webbplats. L\u00e4s v\u00e5r cookiepolicy f\u00f6r detaljer om vilka cookies vi anv\u00e4nder.","robots":{"index":"index","follow":"follow","max-snippet":"max-snippet:-1","max-image-preview":"max-image-preview:large","max-video-preview":"max-video-preview:-1"},"canonical":"https:\/\/fameco.se\/sv\/cookiepolicy\/","og_locale":"sv_SE","og_type":"article","og_title":"Cookie policy - FAMECO","og_description":"Vi anv\u00e4nder cookies f\u00f6r att f\u00f6rb\u00e4ttra din upplevelse p\u00e5 v\u00e5r webbplats. L\u00e4s v\u00e5r cookiepolicy f\u00f6r detaljer om vilka cookies vi anv\u00e4nder.","og_url":"https:\/\/fameco.se\/sv\/cookiepolicy\/","og_site_name":"FAMECO","article_modified_time":"2025-02-03T09:22:12+00:00","twitter_card":"summary_large_image","schema":{"@context":"https:\/\/schema.org","@graph":[{"@type":"WebPage","@id":"https:\/\/fameco.se\/sv\/cookiepolicy\/","url":"https:\/\/fameco.se\/sv\/cookiepolicy\/","name":"Cookie policy - FAMECO","isPartOf":{"@id":"https:\/\/fameco.se\/sv\/#website"},"datePublished":"2025-01-13T11:00:50+00:00","dateModified":"2025-02-03T09:22:12+00:00","description":"Vi anv\u00e4nder cookies f\u00f6r att f\u00f6rb\u00e4ttra din upplevelse p\u00e5 v\u00e5r webbplats. L\u00e4s v\u00e5r cookiepolicy f\u00f6r detaljer om vilka cookies vi anv\u00e4nder.","breadcrumb":{"@id":"https:\/\/fameco.se\/sv\/cookiepolicy\/#breadcrumb"},"inLanguage":"sv-SE","potentialAction":[{"@type":"ReadAction","target":["https:\/\/fameco.se\/sv\/cookiepolicy\/"]}]},{"@type":"BreadcrumbList","@id":"https:\/\/fameco.se\/sv\/cookiepolicy\/#breadcrumb","itemListElement":[{"@type":"ListItem","position":1,"name":"Hem","item":"https:\/\/fameco.se\/sv\/"},{"@type":"ListItem","position":2,"name":"Cookie policy"}]},{"@type":"WebSite","@id":"https:\/\/fameco.se\/sv\/#website","url":"https:\/\/fameco.se\/sv\/","name":"FAMECO","description":"A Keller &amp; Kalmbach Company","publisher":{"@id":"https:\/\/fameco.se\/sv\/#organization"},"potentialAction":[{"@type":"SearchAction","target":{"@type":"EntryPoint","urlTemplate":"https:\/\/fameco.se\/sv\/?s={search_term_string}"},"query-input":{"@type":"PropertyValueSpecification","valueRequired":true,"valueName":"search_term_string"}}],"inLanguage":"sv-SE"},{"@type":"Organization","@id":"https:\/\/fameco.se\/sv\/#organization","name":"FAMECO","url":"https:\/\/fameco.se\/sv\/","logo":{"@type":"ImageObject","inLanguage":"sv-SE","@id":"https:\/\/fameco.se\/sv\/#\/schema\/logo\/image\/","url":"https:\/\/fameco.se\/wp-content\/uploads\/2024\/11\/Fameco_Logo_CMYK-11.webp","contentUrl":"https:\/\/fameco.se\/wp-content\/uploads\/2024\/11\/Fameco_Logo_CMYK-11.webp","width":600,"height":160,"caption":"FAMECO"},"image":{"@id":"https:\/\/fameco.se\/sv\/#\/schema\/logo\/image\/"}}]}},"_links":{"self":[{"href":"https:\/\/fameco.se\/sv\/wp-json\/wp\/v2\/pages\/4541","targetHints":{"allow":["GET"]}}],"collection":[{"href":"https:\/\/fameco.se\/sv\/wp-json\/wp\/v2\/pages"}],"about":[{"href":"https:\/\/fameco.se\/sv\/wp-json\/wp\/v2\/types\/page"}],"author":[{"embeddable":true,"href":"https:\/\/fameco.se\/sv\/wp-json\/wp\/v2\/users\/1"}],"replies":[{"embeddable":true,"href":"https:\/\/fameco.se\/sv\/wp-json\/wp\/v2\/comments?post=4541"}],"version-history":[{"count":7,"href":"https:\/\/fameco.se\/sv\/wp-json\/wp\/v2\/pages\/4541\/revisions"}],"predecessor-version":[{"id":5233,"href":"https:\/\/fameco.se\/sv\/wp-json\/wp\/v2\/pages\/4541\/revisions\/5233"}],"wp:attachment":[{"href":"https:\/\/fameco.se\/sv\/wp-json\/wp\/v2\/media?parent=4541"}],"curies":[{"name":"wp","href":"https:\/\/api.w.org\/{rel}","templated":true}]}}